{"id":2006,"date":"2025-12-26T11:31:17","date_gmt":"2025-12-26T10:31:17","guid":{"rendered":"https:\/\/carpanorama.fr\/?page_id=2006"},"modified":"2026-03-18T20:46:57","modified_gmt":"2026-03-18T19:46:57","slug":"contact","status":"publish","type":"page","link":"https:\/\/carpanorama.fr\/contact\/","title":{"rendered":"Contact"},"content":{"rendered":"\n\n\n\n\n\n","protected":false},"excerpt":{"rendered":"","protected":false},"author":1,"featured_media":0,"parent":0,"menu_order":0,"comment_status":"closed","ping_status":"closed","template":"page-contact","meta":{"saved_in_kubio":true,"footnotes":""},"class_list":["post-2006","page","type-page","status-publish","hentry"],"kubio_ai_page_context":{"short_desc":"Une page qui simplifie la communication entre notre entreprise et son public. Elle int\u00e8gre des formulaires de contact, des num\u00e9ros de t\u00e9l\u00e9phone, des adresses et des liens vers les r\u00e9seaux sociaux afin d'offrir aux visiteurs des moyens pratiques de nous contacter.","purpose":"contact","isFrontPage":false},"_links":{"self":[{"href":"https:\/\/carpanorama.fr\/wp-json\/wp\/v2\/pages\/2006","targetHints":{"allow":["GET"]}}],"collection":[{"href":"https:\/\/carpanorama.fr\/wp-json\/wp\/v2\/pages"}],"about":[{"href":"https:\/\/carpanorama.fr\/wp-json\/wp\/v2\/types\/page"}],"author":[{"embeddable":true,"href":"https:\/\/carpanorama.fr\/wp-json\/wp\/v2\/users\/1"}],"replies":[{"embeddable":true,"href":"https:\/\/carpanorama.fr\/wp-json\/wp\/v2\/comments?post=2006"}],"version-history":[{"count":61,"href":"https:\/\/carpanorama.fr\/wp-json\/wp\/v2\/pages\/2006\/revisions"}],"predecessor-version":[{"id":2741,"href":"https:\/\/carpanorama.fr\/wp-json\/wp\/v2\/pages\/2006\/revisions\/2741"}],"wp:attachment":[{"href":"https:\/\/carpanorama.fr\/wp-json\/wp\/v2\/media?parent=2006"}],"curies":[{"name":"wp","href":"https:\/\/api.w.org\/{rel}","templated":true}]}}